{"id":97,"date":"2025-10-19T02:18:41","date_gmt":"2025-10-19T02:18:41","guid":{"rendered":"https:\/\/mallky.com\/?page_id=97"},"modified":"2025-10-19T20:21:59","modified_gmt":"2025-10-19T20:21:59","slug":"seguridad-electronica","status":"publish","type":"page","link":"https:\/\/mallky.com\/index.php\/seguridad-electronica\/","title":{"rendered":"Seguridad Electr\u00f3nica"},"content":{"rendered":"\n<div class=\"wp-block-uagb-container uagb-block-53e354c1 alignfull uagb-is-root-container\"><div class=\"uagb-container-inner-blocks-wrap\">\n<div class=\"wp-block-uagb-advanced-heading uagb-block-96de779f\"><h1 class=\"uagb-heading-text\">Innovaci\u00f3n y tecnolog\u00eda al servicio de tu seguridad.\u200b<\/h1><div class=\"uagb-separator\"><\/div><\/div>\n<\/div><\/div>\n\n\n\n<div class=\"wp-block-uagb-container uagb-block-2d2c464f alignfull uagb-is-root-container\"><div class=\"uagb-container-inner-blocks-wrap\">\n<div class=\"wp-block-uagb-info-box uagb-block-730cbb53 uagb-infobox__content-wrap  uagb-infobox-icon-above-title uagb-infobox-image-valign-top\"><div class=\"uagb-ifb-content\"><div class=\"uagb-ifb-icon-wrap\"><svg xmlns=\"https:\/\/www.w3.org\/2000\/svg\" viewBox=\"0 0 576 512\"><path d=\"M384 112v288c0 26.51-21.49 48-48 48h-288c-26.51 0-48-21.49-48-48v-288c0-26.51 21.49-48 48-48h288C362.5 64 384 85.49 384 112zM576 127.5v256.9c0 25.5-29.17 40.39-50.39 25.79L416 334.7V177.3l109.6-75.56C546.9 87.13 576 102.1 576 127.5z\"><\/path><\/svg><\/div><div class=\"uagb-ifb-title-wrap\"><h4 class=\"uagb-ifb-title\"><strong>Sistemas de videovigilancia y monitoreo<\/strong><\/h4><\/div><p class=\"uagb-ifb-desc\">Instalaci\u00f3n y configuraci\u00f3n de c\u00e1maras de seguridad (CCTV, IP y anal\u00f3gicas), grabadores y sistemas de monitoreo remoto. Ofrecemos soluciones personalizadas para supervisar tus instalaciones en tiempo real con alta definici\u00f3n y acceso desde cualquier dispositivo.<\/p><\/div><\/div>\n\n\n\n<div class=\"wp-block-uagb-info-box uagb-block-49b8e308 uagb-infobox__content-wrap  uagb-infobox-icon-above-title uagb-infobox-image-valign-top\"><div class=\"uagb-ifb-content\"><div class=\"uagb-ifb-icon-wrap\"><svg xmlns=\"https:\/\/www.w3.org\/2000\/svg\" viewBox=\"0 0 512 512\"><path d=\"M282.3 343.7L248.1 376.1C244.5 381.5 238.4 384 232 384H192V424C192 437.3 181.3 448 168 448H128V488C128 501.3 117.3 512 104 512H24C10.75 512 0 501.3 0 488V408C0 401.6 2.529 395.5 7.029 391L168.3 229.7C162.9 212.8 160 194.7 160 176C160 78.8 238.8 0 336 0C433.2 0 512 78.8 512 176C512 273.2 433.2 352 336 352C317.3 352 299.2 349.1 282.3 343.7zM376 176C398.1 176 416 158.1 416 136C416 113.9 398.1 96 376 96C353.9 96 336 113.9 336 136C336 158.1 353.9 176 376 176z\"><\/path><\/svg><\/div><div class=\"uagb-ifb-title-wrap\"><h4 class=\"uagb-ifb-title\"><strong><strong>Control de accesos y alarmas\u200b<\/strong><\/strong><\/h4><\/div><p class=\"uagb-ifb-desc\">Implementamos sistemas que regulan y registran el ingreso a tus instalaciones: cerraduras electr\u00f3nicas, lectores biom\u00e9tricos, tarjetas RFID y alarmas con sensores de movimiento, humo o intrusi\u00f3n. Garantizamos control, seguridad y trazabilidad en todo momento.<\/p><\/div><\/div>\n\n\n\n<div class=\"wp-block-uagb-info-box uagb-block-ea63fe5e uagb-infobox__content-wrap  uagb-infobox-icon-above-title uagb-infobox-image-valign-top\"><div class=\"uagb-ifb-content\"><div class=\"uagb-ifb-icon-wrap\"><svg xmlns=\"https:\/\/www.w3.org\/2000\/svg\" viewBox=\"0 0 512 512\"><path d=\"M480 179.6C498.6 188.4 512 212.1 512 240C512 267.9 498.6 291.6 480 300.4V448C480 460.9 472.2 472.6 460.2 477.6C448.3 482.5 434.5 479.8 425.4 470.6L381.7 426.1C333.7 378.1 268.6 352 200.7 352H192V480C192 497.7 177.7 512 160 512H96C78.33 512 64 497.7 64 480V352C28.65 352 0 323.3 0 288V192C0 156.7 28.65 128 64 128H200.7C268.6 128 333.7 101 381.7 53.02L425.4 9.373C434.5 .2215 448.3-2.516 460.2 2.437C472.2 7.39 480 19.06 480 32V179.6zM200.7 192H192V288H200.7C280.5 288 357.2 317.8 416 371.3V108.7C357.2 162.2 280.5 192 200.7 192V192z\"><\/path><\/svg><\/div><div class=\"uagb-ifb-title-wrap\"><h4 class=\"uagb-ifb-title\"><strong><strong>Sistemas integrados de detecci\u00f3n\u200b<\/strong><\/strong> contra incendios<\/h4><\/div><p class=\"uagb-ifb-desc\">Dise\u00f1amos e instalamos sistemas integrados de detecci\u00f3n de incendios. Soluciones que se adaptan a las necesidades de empresas, locales y edificios, con tecnolog\u00eda confiable y mantenimiento garantizado.<\/p><\/div><\/div>\n<\/div><\/div>\n\n\n\n<div class=\"wp-block-uagb-container uagb-layout-flex uagb-block-cf0213cd alignfull uagb-is-root-container\"><div class=\"uagb-container-inner-blocks-wrap\">\n<div class=\"wp-block-uagb-container uagb-layout-flex uagb-block-635599fa\">\n<div class=\"wp-block-uagb-image alignleft uagb-block-0bfadf58 wp-block-uagb-image--layout-default wp-block-uagb-image--effect-static wp-block-uagb-image--align-left\"><figure class=\"wp-block-uagb-image__figure\"><img decoding=\"async\" data-srcset=\"https:\/\/mallky.com\/wp-content\/uploads\/2025\/10\/security-service-service-img-4.jpg ,https:\/\/mallky.com\/wp-content\/uploads\/2025\/10\/security-service-service-img-4.jpg 780w, https:\/\/mallky.com\/wp-content\/uploads\/2025\/10\/security-service-service-img-4.jpg 360w\" data-sizes=\"auto, (max-width: 480px) 150px\" data-src=\"https:\/\/mallky.com\/wp-content\/uploads\/2025\/10\/security-service-service-img-4.jpg\" alt=\"\" class=\"uag-image-52 lazyload\" width=\"560\" height=\"373\" title=\"security-service-service-img-4.jpg\" role=\"img\" src=\"data:image\/svg+xml;base64,PHN2ZyB3aWR0aD0iMSIgaGVpZ2h0PSIxIiB4bWxucz0iaHR0cDovL3d3dy53My5vcmcvMjAwMC9zdmciPjwvc3ZnPg==\" style=\"--smush-placeholder-width: 560px; --smush-placeholder-aspect-ratio: 560\/373;\" \/><\/figure><\/div>\n\n\n\n<div class=\"wp-block-uagb-container uagb-block-dbbf29a0\">\n<div class=\"wp-block-uagb-advanced-heading uagb-block-1521d70e\"><h3 class=\"uagb-heading-text\">Instalaci\u00f3n de c\u00e1maras de seguridad CCTV e IP<\/h3><p class=\"uagb-desc-text\">Dise\u00f1o e instalaci\u00f3n de sistemas de videovigilancia para interiores y exteriores, con c\u00e1maras de alta definici\u00f3n y grabaci\u00f3n continua o por detecci\u00f3n de movimiento.<\/p><\/div>\n<\/div>\n<\/div>\n\n\n\n<div class=\"wp-block-uagb-container uagb-layout-flex uagb-block-2fede980\">\n<div class=\"wp-block-uagb-container uagb-block-8885aafa\">\n<div class=\"wp-block-uagb-advanced-heading uagb-block-8e872b65\"><h3 class=\"uagb-heading-text\">Monitoreo remoto<\/h3><p class=\"uagb-desc-text\">Implementaci\u00f3n de sistemas que permiten supervisar tus instalaciones desde cualquier dispositivo, con grabaciones seguras y acceso en tiempo real.<\/p><\/div>\n<\/div>\n\n\n\n<div class=\"wp-block-uagb-image alignright uagb-block-c8ab4730 wp-block-uagb-image--layout-default wp-block-uagb-image--effect-static wp-block-uagb-image--align-right\"><figure class=\"wp-block-uagb-image__figure\"><img decoding=\"async\" data-srcset=\"https:\/\/mallky.com\/wp-content\/uploads\/2025\/10\/security-service-service-img-2.jpg ,https:\/\/mallky.com\/wp-content\/uploads\/2025\/10\/security-service-service-img-2.jpg 780w, https:\/\/mallky.com\/wp-content\/uploads\/2025\/10\/security-service-service-img-2.jpg 360w\" data-sizes=\"auto, (max-width: 480px) 150px\" data-src=\"https:\/\/mallky.com\/wp-content\/uploads\/2025\/10\/security-service-service-img-2.jpg\" alt=\"\" class=\"uag-image-243 lazyload\" width=\"560\" height=\"373\" title=\"\" role=\"img\" src=\"data:image\/svg+xml;base64,PHN2ZyB3aWR0aD0iMSIgaGVpZ2h0PSIxIiB4bWxucz0iaHR0cDovL3d3dy53My5vcmcvMjAwMC9zdmciPjwvc3ZnPg==\" style=\"--smush-placeholder-width: 560px; --smush-placeholder-aspect-ratio: 560\/373;\" \/><\/figure><\/div>\n<\/div>\n\n\n\n<div class=\"wp-block-uagb-container uagb-layout-flex uagb-block-60d3fe30\">\n<div class=\"wp-block-uagb-image alignleft uagb-block-7b285939 wp-block-uagb-image--layout-default wp-block-uagb-image--effect-static wp-block-uagb-image--align-left\"><figure class=\"wp-block-uagb-image__figure\"><img decoding=\"async\" data-srcset=\"https:\/\/mallky.com\/wp-content\/uploads\/2025\/10\/security-service-service-img-2.jpg ,https:\/\/mallky.com\/wp-content\/uploads\/2025\/10\/security-service-service-img-2.jpg 780w, https:\/\/mallky.com\/wp-content\/uploads\/2025\/10\/security-service-service-img-2.jpg 360w\" data-sizes=\"auto, (max-width: 480px) 150px\" data-src=\"https:\/\/mallky.com\/wp-content\/uploads\/2025\/10\/security-service-service-img-2.jpg\" alt=\"\" class=\"uag-image-50 lazyload\" width=\"560\" height=\"373\" title=\"security-service-service-img-2.jpg\" role=\"img\" src=\"data:image\/svg+xml;base64,PHN2ZyB3aWR0aD0iMSIgaGVpZ2h0PSIxIiB4bWxucz0iaHR0cDovL3d3dy53My5vcmcvMjAwMC9zdmciPjwvc3ZnPg==\" style=\"--smush-placeholder-width: 560px; --smush-placeholder-aspect-ratio: 560\/373;\" \/><\/figure><\/div>\n\n\n\n<div class=\"wp-block-uagb-container uagb-block-c341a2cf\">\n<div class=\"wp-block-uagb-advanced-heading uagb-block-64c1f42d\"><h3 class=\"uagb-heading-text\">Instalaci\u00f3n de sistemas de control de acceso biom\u00e9trico y RFID<\/h3><p class=\"uagb-desc-text\">Soluciones que controlan el ingreso de personal y visitantes mediante huella digital, tarjetas electr\u00f3nicas o reconocimiento facial, integradas con reportes autom\u00e1ticos.<\/p><\/div>\n<\/div>\n<\/div>\n\n\n\n<div class=\"wp-block-uagb-container uagb-layout-flex uagb-block-117d5ff7\">\n<div class=\"wp-block-uagb-container uagb-block-9f4d50c6\">\n<div class=\"wp-block-uagb-advanced-heading uagb-block-fd0ee432\"><h3 class=\"uagb-heading-text\">Sistemas de alarmas contra intrusi\u00f3n y emergencia<\/h3><p class=\"uagb-desc-text\">Equipos de detecci\u00f3n de movimiento, rotura de vidrios y puertas forzadas, con notificaciones instant\u00e1neas y conexi\u00f3n a centrales de monitoreo.<\/p><\/div>\n<\/div>\n\n\n\n<div class=\"wp-block-uagb-image alignright uagb-block-7dd3ed2f wp-block-uagb-image--layout-default wp-block-uagb-image--effect-static wp-block-uagb-image--align-right\"><figure class=\"wp-block-uagb-image__figure\"><img decoding=\"async\" data-srcset=\"https:\/\/mallky.com\/wp-content\/uploads\/2025\/10\/security-service-service-img-4.jpg ,https:\/\/mallky.com\/wp-content\/uploads\/2025\/10\/security-service-service-img-4.jpg 780w, https:\/\/mallky.com\/wp-content\/uploads\/2025\/10\/security-service-service-img-4.jpg 360w\" data-sizes=\"auto, (max-width: 480px) 150px\" data-src=\"https:\/\/mallky.com\/wp-content\/uploads\/2025\/10\/security-service-service-img-4.jpg\" alt=\"\" class=\"uag-image-245 lazyload\" width=\"560\" height=\"373\" title=\"\" role=\"img\" src=\"data:image\/svg+xml;base64,PHN2ZyB3aWR0aD0iMSIgaGVpZ2h0PSIxIiB4bWxucz0iaHR0cDovL3d3dy53My5vcmcvMjAwMC9zdmciPjwvc3ZnPg==\" style=\"--smush-placeholder-width: 560px; --smush-placeholder-aspect-ratio: 560\/373;\" \/><\/figure><\/div>\n<\/div>\n\n\n\n<div class=\"wp-block-uagb-container uagb-layout-flex uagb-block-1edaf504\">\n<div class=\"wp-block-uagb-image aligncenter uagb-block-ce19ff66 wp-block-uagb-image--layout-default wp-block-uagb-image--effect-static wp-block-uagb-image--align-center\"><figure class=\"wp-block-uagb-image__figure\"><img decoding=\"async\" data-srcset=\"https:\/\/mallky.com\/wp-content\/uploads\/2025\/10\/WhatsApp-Image-2025-10-17-at-18.21.03-150x150.jpeg ,https:\/\/mallky.com\/wp-content\/uploads\/2025\/10\/WhatsApp-Image-2025-10-17-at-18.21.03-e1760743479772.jpeg 780w, https:\/\/mallky.com\/wp-content\/uploads\/2025\/10\/WhatsApp-Image-2025-10-17-at-18.21.03-e1760743479772.jpeg 360w\" data-sizes=\"auto, (max-width: 480px) 150px\" data-src=\"https:\/\/mallky.com\/wp-content\/uploads\/2025\/10\/WhatsApp-Image-2025-10-17-at-18.21.03-150x150.jpeg\" alt=\"\" class=\"uag-image-209 lazyload\" width=\"280\" height=\"350\" title=\"WhatsApp Image 2025-10-17 at 18.21.03\" role=\"img\" src=\"data:image\/svg+xml;base64,PHN2ZyB3aWR0aD0iMSIgaGVpZ2h0PSIxIiB4bWxucz0iaHR0cDovL3d3dy53My5vcmcvMjAwMC9zdmciPjwvc3ZnPg==\" style=\"--smush-placeholder-width: 280px; --smush-placeholder-aspect-ratio: 280\/350;\" \/><\/figure><\/div>\n\n\n\n<div class=\"wp-block-uagb-container uagb-block-b2aee880\">\n<div class=\"wp-block-uagb-advanced-heading uagb-block-ab4cbecf\"><h3 class=\"uagb-heading-text\">Sistemas de detecci\u00f3n y alarma contra incendios<\/h3><p class=\"uagb-desc-text\">Instalaci\u00f3n de detectores de humo, temperatura y gas, con paneles de control centralizados que alertan de manera inmediata ante cualquier riesgo.<\/p><\/div>\n<\/div>\n<\/div>\n\n\n\n<div class=\"wp-block-uagb-container uagb-layout-flex uagb-block-1d3751cc\">\n<div class=\"wp-block-uagb-container uagb-block-89407200\">\n<div class=\"wp-block-uagb-advanced-heading uagb-block-fd7f8786\"><h3 class=\"uagb-heading-text\">Integraci\u00f3n de seguridad y automatizaci\u00f3n<\/h3><p class=\"uagb-desc-text\">Unificaci\u00f3n de c\u00e1maras, alarmas, sensores y control de accesos en una sola plataforma inteligente, optimizando la gesti\u00f3n y la respuesta ante eventos.<\/p><\/div>\n<\/div>\n\n\n\n<div class=\"wp-block-uagb-image alignright uagb-block-decf3890 wp-block-uagb-image--layout-default wp-block-uagb-image--effect-static wp-block-uagb-image--align-right\"><figure class=\"wp-block-uagb-image__figure\"><img decoding=\"async\" data-srcset=\"https:\/\/mallky.com\/wp-content\/uploads\/2025\/10\/security-service-service-img-6.jpg ,https:\/\/mallky.com\/wp-content\/uploads\/2025\/10\/security-service-service-img-6.jpg 780w, https:\/\/mallky.com\/wp-content\/uploads\/2025\/10\/security-service-service-img-6.jpg 360w\" data-sizes=\"auto, (max-width: 480px) 150px\" data-src=\"https:\/\/mallky.com\/wp-content\/uploads\/2025\/10\/security-service-service-img-6.jpg\" alt=\"\" class=\"uag-image-241 lazyload\" width=\"560\" height=\"373\" title=\"\" role=\"img\" src=\"data:image\/svg+xml;base64,PHN2ZyB3aWR0aD0iMSIgaGVpZ2h0PSIxIiB4bWxucz0iaHR0cDovL3d3dy53My5vcmcvMjAwMC9zdmciPjwvc3ZnPg==\" style=\"--smush-placeholder-width: 560px; --smush-placeholder-aspect-ratio: 560\/373;\" \/><\/figure><\/div>\n<\/div>\n<\/div><\/div>\n\n\n\n<div class=\"wp-block-uagb-container uagb-block-cef75dfa alignfull uagb-is-root-container\"><div class=\"uagb-container-inner-blocks-wrap\">\n<div class=\"wp-block-uagb-info-box uagb-block-e658499b uagb-infobox__content-wrap  uagb-infobox-icon-above-title uagb-infobox-image-valign-top wp-block-uagb-info-box--has-margin\"><div class=\"uagb-infobox-margin-wrapper\"><div class=\"uagb-ifb-content\"><div class=\"uagb-ifb-title-wrap\"><h6 class=\"uagb-ifb-title-prefix\"><strong>Cont\u00e1ctanos<\/strong><\/h6><h2 class=\"uagb-ifb-title\">Tecnolog\u00eda que garantiza seguridad, control y tranquilidad.<\/h2><\/div><p class=\"uagb-ifb-desc\">Tu tranquilidad es nuestra prioridad: soluciones modernas que vigilan y alertan, para mantener tus espacios siempre protegidos.<\/p><div class=\"uagb-ifb-button-wrapper wp-block-button\"><a href=\"https:\/\/mallky.com\/#solicitud\" class=\"uagb-infobox-cta-link wp-block-button__link\" target=\"_self\" rel=\"noopener noreferrer\" onclick=\"return true;\"><span class=\"uagb-inline-editing\">Solicita una cotizaci\u00f3n<\/span><\/a><\/div><\/div><\/div><\/div>\n<\/div><\/div>\n\n\n\n<div class=\"wp-block-uagb-container uagb-block-bc9802d8 alignfull uagb-is-root-container\"><div class=\"uagb-container-inner-blocks-wrap\">\n<div class=\"wp-block-uagb-container uagb-layout-grid uagb-block-72aa8f1d\">\n<div class=\"wp-block-uagb-info-box uagb-block-72a21a14 uagb-infobox__content-wrap  uagb-infobox-icon-above-title uagb-infobox-image-valign-top wp-block-uagb-info-box--has-margin\"><div class=\"uagb-infobox-margin-wrapper\"><div class=\"uagb-ifb-content\"><div class=\"uagb-ifb-image-content\"><img decoding=\"async\" data-src=\"https:\/\/mallky.com\/wp-content\/uploads\/2025\/10\/WhatsApp-Image-2024-08-12-at-06.13.24-e1760743876553.jpeg\" alt=\"\" width=\"700\" height=\"830\" src=\"data:image\/svg+xml;base64,PHN2ZyB3aWR0aD0iMSIgaGVpZ2h0PSIxIiB4bWxucz0iaHR0cDovL3d3dy53My5vcmcvMjAwMC9zdmciPjwvc3ZnPg==\" class=\"lazyload\" style=\"--smush-placeholder-width: 700px; --smush-placeholder-aspect-ratio: 700\/830;\" \/><\/div><div class=\"uagb-ifb-title-wrap\"><h4 class=\"uagb-ifb-title\">Correctivo de alarmas CI<\/h4><\/div><p class=\"uagb-ifb-desc\">Tienda Diverxia, mall Aventura<\/p><\/div><\/div><\/div>\n\n\n\n<div class=\"wp-block-uagb-info-box uagb-block-3b2255ad uagb-infobox__content-wrap  uagb-infobox-icon-above-title uagb-infobox-image-valign-top\"><div class=\"uagb-ifb-content\"><div class=\"uagb-ifb-image-content\"><img decoding=\"async\" data-src=\"https:\/\/mallky.com\/wp-content\/uploads\/2025\/10\/Pulsador-3-e1760744237849.jpeg\" alt=\"\" width=\"960\" height=\"1150\" src=\"data:image\/svg+xml;base64,PHN2ZyB3aWR0aD0iMSIgaGVpZ2h0PSIxIiB4bWxucz0iaHR0cDovL3d3dy53My5vcmcvMjAwMC9zdmciPjwvc3ZnPg==\" class=\"lazyload\" style=\"--smush-placeholder-width: 960px; --smush-placeholder-aspect-ratio: 960\/1150;\" \/><\/div><div class=\"uagb-ifb-title-wrap\"><h4 class=\"uagb-ifb-title\">Correctivo de alarmas CI<\/h4><\/div><p class=\"uagb-ifb-desc\">Tienda Guayano, mall Aventura<\/p><\/div><\/div>\n\n\n\n<div class=\"wp-block-uagb-info-box uagb-block-033a39a7 uagb-infobox__content-wrap  uagb-infobox-icon-above-title uagb-infobox-image-valign-top wp-block-uagb-info-box--has-margin\"><div class=\"uagb-infobox-margin-wrapper\"><div class=\"uagb-ifb-content\"><div class=\"uagb-ifb-image-content\"><img decoding=\"async\" data-src=\"https:\/\/mallky.com\/wp-content\/uploads\/2025\/10\/WhatsApp-Image-2024-08-23-at-13.31.17-e1760744488856.jpeg\" alt=\"\" width=\"700\" height=\"838\" src=\"data:image\/svg+xml;base64,PHN2ZyB3aWR0aD0iMSIgaGVpZ2h0PSIxIiB4bWxucz0iaHR0cDovL3d3dy53My5vcmcvMjAwMC9zdmciPjwvc3ZnPg==\" class=\"lazyload\" style=\"--smush-placeholder-width: 700px; --smush-placeholder-aspect-ratio: 700\/838;\" \/><\/div><div class=\"uagb-ifb-title-wrap\"><h4 class=\"uagb-ifb-title\">Preventivo de alarmas CI<\/h4><\/div><p class=\"uagb-ifb-desc\">Tienda Diverxia, Chiclayo <\/p><\/div><\/div><\/div>\n\n\n\n<div class=\"wp-block-uagb-info-box uagb-block-0484f5ce uagb-infobox__content-wrap  uagb-infobox-icon-above-title uagb-infobox-image-valign-top\"><div class=\"uagb-ifb-content\"><div class=\"uagb-ifb-image-content\"><img decoding=\"async\" data-src=\"https:\/\/mallky.com\/wp-content\/uploads\/2025\/10\/panel-e1760744785144.jpeg\" alt=\"\" width=\"700\" height=\"1141\" src=\"data:image\/svg+xml;base64,PHN2ZyB3aWR0aD0iMSIgaGVpZ2h0PSIxIiB4bWxucz0iaHR0cDovL3d3dy53My5vcmcvMjAwMC9zdmciPjwvc3ZnPg==\" class=\"lazyload\" style=\"--smush-placeholder-width: 700px; --smush-placeholder-aspect-ratio: 700\/1141;\" \/><\/div><div class=\"uagb-ifb-title-wrap\"><h4 class=\"uagb-ifb-title\">Preventivo de alarmas CI<\/h4><\/div><p class=\"uagb-ifb-desc\">Tienda New Athletic, mall Aventura<\/p><\/div><\/div>\n\n\n\n<div class=\"wp-block-uagb-info-box uagb-block-f1800cf0 uagb-infobox__content-wrap  uagb-infobox-icon-above-title uagb-infobox-image-valign-top\"><div class=\"uagb-ifb-content\"><div class=\"uagb-ifb-image-content\"><img decoding=\"async\" data-src=\"https:\/\/mallky.com\/wp-content\/uploads\/2025\/10\/WhatsApp-Image-2024-11-26-at-22.01.23-e1760744937319.jpeg\" alt=\"\" width=\"700\" height=\"1141\" src=\"data:image\/svg+xml;base64,PHN2ZyB3aWR0aD0iMSIgaGVpZ2h0PSIxIiB4bWxucz0iaHR0cDovL3d3dy53My5vcmcvMjAwMC9zdmciPjwvc3ZnPg==\" class=\"lazyload\" style=\"--smush-placeholder-width: 700px; --smush-placeholder-aspect-ratio: 700\/1141;\" \/><\/div><div class=\"uagb-ifb-title-wrap\"><h4 class=\"uagb-ifb-title\">Preventivo Bomba Contra Incendio<\/h4><\/div><p class=\"uagb-ifb-desc\">Condominio Colibr\u00ed &#8211; Chiclayo<\/p><\/div><\/div>\n\n\n\n<div class=\"wp-block-uagb-info-box uagb-block-8306bf66 uagb-infobox__content-wrap  uagb-infobox-icon-above-title uagb-infobox-image-valign-top\"><div class=\"uagb-ifb-content\"><div class=\"uagb-ifb-image-content\"><img decoding=\"async\" data-src=\"https:\/\/mallky.com\/wp-content\/uploads\/2025\/10\/WhatsApp-Image-2025-10-17-at-19.00.11-e1760745588567.jpeg\" alt=\"\" width=\"700\" height=\"1141\" src=\"data:image\/svg+xml;base64,PHN2ZyB3aWR0aD0iMSIgaGVpZ2h0PSIxIiB4bWxucz0iaHR0cDovL3d3dy53My5vcmcvMjAwMC9zdmciPjwvc3ZnPg==\" class=\"lazyload\" style=\"--smush-placeholder-width: 700px; --smush-placeholder-aspect-ratio: 700\/1141;\" \/><\/div><div class=\"uagb-ifb-title-wrap\"><h4 class=\"uagb-ifb-title\">Preventivo alarmas CI<\/h4><\/div><p class=\"uagb-ifb-desc\">Tienda Gzuck , mall Aventura<\/p><\/div><\/div>\n<\/div>\n<\/div><\/div>\n","protected":false},"excerpt":{"rendered":"<p>Innovaci\u00f3n y tecnolog\u00eda al servicio de tu seguridad.\u200b Instalaci\u00f3n de c\u00e1maras de seguridad CCTV e IP Dise\u00f1o e instalaci\u00f3n de [&hellip;]<\/p>\n","protected":false},"author":1,"featured_media":0,"parent":0,"menu_order":0,"comment_status":"closed","ping_status":"closed","template":"","meta":{"_uag_custom_page_level_css":"","site-sidebar-layout":"default","site-content-layout":"","ast-site-content-layout":"default","site-content-style":"default","site-sidebar-style":"default","ast-global-header-display":"","ast-banner-title-visibility":"","ast-main-header-display":"","ast-hfb-above-header-display":"","ast-hfb-below-header-display":"","ast-hfb-mobile-header-display":"","site-post-title":"disabled","ast-breadcrumbs-content":"","ast-featured-img":"","footer-sml-layout":"","theme-transparent-header-meta":"","adv-header-id-meta":"","stick-header-meta":"","header-above-stick-meta":"","header-main-stick-meta":"","header-below-stick-meta":"","astra-migrate-meta-layouts":"default","ast-page-background-enabled":"default","ast-page-background-meta":{"desktop":{"background-color":"var(--ast-global-color-5)","background-image":"","background-repeat":"repeat","background-position":"center center","background-size":"auto","background-attachment":"scroll","background-type":"","background-media":"","overlay-type":"","overlay-color":"","overlay-opacity":"","overlay-gradient":""},"tablet":{"background-color":"","background-image":"","background-repeat":"repeat","background-position":"center center","background-size":"auto","background-attachment":"scroll","background-type":"","background-media":"","overlay-type":"","overlay-color":"","overlay-opacity":"","overlay-gradient":""},"mobile":{"background-color":"","background-image":"","background-repeat":"repeat","background-position":"center center","background-size":"auto","background-attachment":"scroll","background-type":"","background-media":"","overlay-type":"","overlay-color":"","overlay-opacity":"","overlay-gradient":""}},"ast-content-background-meta":{"desktop":{"background-color":"var(--ast-global-color-4)","background-image":"","background-repeat":"repeat","background-position":"center center","background-size":"auto","background-attachment":"scroll","background-type":"","background-media":"","overlay-type":"","overlay-color":"","overlay-opacity":"","overlay-gradient":""},"tablet":{"background-color":"var(--ast-global-color-4)","background-image":"","background-repeat":"repeat","background-position":"center center","background-size":"auto","background-attachment":"scroll","background-type":"","background-media":"","overlay-type":"","overlay-color":"","overlay-opacity":"","overlay-gradient":""},"mobile":{"background-color":"var(--ast-global-color-4)","background-image":"","background-repeat":"repeat","background-position":"center center","background-size":"auto","background-attachment":"scroll","background-type":"","background-media":"","overlay-type":"","overlay-color":"","overlay-opacity":"","overlay-gradient":""}},"footnotes":""},"class_list":["post-97","page","type-page","status-publish","hentry"],"uagb_featured_image_src":{"full":false,"thumbnail":false,"medium":false,"medium_large":false,"large":false,"1536x1536":false,"2048x2048":false},"uagb_author_info":{"display_name":"mallkyco","author_link":"https:\/\/mallky.com\/index.php\/author\/mallkyco\/"},"uagb_comment_info":0,"uagb_excerpt":"Innovaci\u00f3n y tecnolog\u00eda al servicio de tu seguridad.\u200b Instalaci\u00f3n de c\u00e1maras de seguridad CCTV e IP Dise\u00f1o e instalaci\u00f3n de [&hellip;]","_links":{"self":[{"href":"https:\/\/mallky.com\/index.php\/wp-json\/wp\/v2\/pages\/97","targetHints":{"allow":["GET"]}}],"collection":[{"href":"https:\/\/mallky.com\/index.php\/wp-json\/wp\/v2\/pages"}],"about":[{"href":"https:\/\/mallky.com\/index.php\/wp-json\/wp\/v2\/types\/page"}],"author":[{"embeddable":true,"href":"https:\/\/mallky.com\/index.php\/wp-json\/wp\/v2\/users\/1"}],"replies":[{"embeddable":true,"href":"https:\/\/mallky.com\/index.php\/wp-json\/wp\/v2\/comments?post=97"}],"version-history":[{"count":7,"href":"https:\/\/mallky.com\/index.php\/wp-json\/wp\/v2\/pages\/97\/revisions"}],"predecessor-version":[{"id":304,"href":"https:\/\/mallky.com\/index.php\/wp-json\/wp\/v2\/pages\/97\/revisions\/304"}],"wp:attachment":[{"href":"https:\/\/mallky.com\/index.php\/wp-json\/wp\/v2\/media?parent=97"}],"curies":[{"name":"wp","href":"https:\/\/api.w.org\/{rel}","templated":true}]}}