{"id":48,"date":"2025-10-19T02:13:38","date_gmt":"2025-10-19T02:13:38","guid":{"rendered":"https:\/\/mallky.com\/?page_id=48"},"modified":"2025-10-19T20:18:09","modified_gmt":"2025-10-19T20:18:09","slug":"sistemas-electricos","status":"publish","type":"page","link":"https:\/\/mallky.com\/index.php\/sistemas-electricos\/","title":{"rendered":"Sistemas El\u00e9ctricos"},"content":{"rendered":"\n<div class=\"wp-block-uagb-container uagb-block-53e354c1 default uagb-is-root-container\">\n<div class=\"wp-block-uagb-advanced-heading uagb-block-96de779f\"><h1 class=\"uagb-heading-text\">Sistemas El\u00e9ctricos<\/h1><div class=\"uagb-separator\"><\/div><\/div>\n<\/div>\n\n\n\n<div class=\"wp-block-uagb-container uagb-block-2d2c464f alignfull uagb-is-root-container\"><div class=\"uagb-container-inner-blocks-wrap\">\n<div class=\"wp-block-uagb-info-box uagb-block-730cbb53 uagb-infobox__content-wrap  uagb-infobox-icon-above-title uagb-infobox-image-valign-top\"><div class=\"uagb-ifb-content\"><div class=\"uagb-ifb-icon-wrap\"><svg xmlns=\"https:\/\/www.w3.org\/2000\/svg\" viewBox=\"0 0 384 512\"><path d=\"M240.5 224H352C365.3 224 377.3 232.3 381.1 244.7C386.6 257.2 383.1 271.3 373.1 280.1L117.1 504.1C105.8 513.9 89.27 514.7 77.19 505.9C65.1 497.1 60.7 481.1 66.59 467.4L143.5 288H31.1C18.67 288 6.733 279.7 2.044 267.3C-2.645 254.8 .8944 240.7 10.93 231.9L266.9 7.918C278.2-1.92 294.7-2.669 306.8 6.114C318.9 14.9 323.3 30.87 317.4 44.61L240.5 224z\"><\/path><\/svg><\/div><div class=\"uagb-ifb-title-wrap\"><h4 class=\"uagb-ifb-title\"><strong>Tableros el\u00e9ctricos<\/strong><\/h4><\/div><p class=\"uagb-ifb-desc\">Mantenimiento de tableros el\u00e9ctricos. Maximiza seguridad, minimiza riesgos y optimiza tu operaci\u00f3n.<\/p><\/div><\/div>\n\n\n\n<div class=\"wp-block-uagb-info-box uagb-block-49b8e308 uagb-infobox__content-wrap  uagb-infobox-icon-above-title uagb-infobox-image-valign-top\"><div class=\"uagb-ifb-content\"><div class=\"uagb-ifb-icon-wrap\"><svg xmlns=\"https:\/\/www.w3.org\/2000\/svg\" viewBox=\"0 0 384 512\"><path d=\"M381.2 172.8C377.1 164.9 368.9 160 360 160h-156.6l50.84-127.1c2.969-7.375 2.062-15.78-2.406-22.38S239.1 0 232 0h-176C43.97 0 33.81 8.906 32.22 20.84l-32 240C-.7179 267.7 1.376 274.6 5.938 279.8C10.5 285 17.09 288 24 288h146.3l-41.78 194.1c-2.406 11.22 3.469 22.56 14 27.09C145.6 511.4 148.8 512 152 512c7.719 0 15.22-3.75 19.81-10.44l208-304C384.8 190.2 385.4 180.7 381.2 172.8z\"><\/path><\/svg><\/div><div class=\"uagb-ifb-title-wrap\"><h4 class=\"uagb-ifb-title\"><strong><strong>Instalaciones el\u00e9ctricas<\/strong><\/strong><\/h4><\/div><p class=\"uagb-ifb-desc\">Instalaciones el\u00e9ctricas industriales y comerciales. Soluciones t\u00e9cnicas que garantizan continuidad operativa.<\/p><\/div><\/div>\n\n\n\n<div class=\"wp-block-uagb-info-box uagb-block-ea63fe5e uagb-infobox__content-wrap  uagb-infobox-icon-above-title uagb-infobox-image-valign-top\"><div class=\"uagb-ifb-content\"><div class=\"uagb-ifb-icon-wrap\"><svg xmlns=\"https:\/\/www.w3.org\/2000\/svg\" viewBox=\"0 0 384 512\"><path d=\"M112.1 454.3c0 6.297 1.816 12.44 5.284 17.69l17.14 25.69c5.25 7.875 17.17 14.28 26.64 14.28h61.67c9.438 0 21.36-6.401 26.61-14.28l17.08-25.68c2.938-4.438 5.348-12.37 5.348-17.7L272 415.1h-160L112.1 454.3zM191.4 .0132C89.44 .3257 16 82.97 16 175.1c0 44.38 16.44 84.84 43.56 115.8c16.53 18.84 42.34 58.23 52.22 91.45c.0313 .25 .0938 .5166 .125 .7823h160.2c.0313-.2656 .0938-.5166 .125-.7823c9.875-33.22 35.69-72.61 52.22-91.45C351.6 260.8 368 220.4 368 175.1C368 78.61 288.9-.2837 191.4 .0132zM192 96.01c-44.13 0-80 35.89-80 79.1C112 184.8 104.8 192 96 192S80 184.8 80 176c0-61.76 50.25-111.1 112-111.1c8.844 0 16 7.159 16 16S200.8 96.01 192 96.01z\"><\/path><\/svg><\/div><div class=\"uagb-ifb-title-wrap\"><h4 class=\"uagb-ifb-title\"><strong><strong>Iluminaci\u00f3n<\/strong><\/strong><\/h4><\/div><p class=\"uagb-ifb-desc\">Soluciones de iluminaci\u00f3n profesional. Crea ambientes productivos y atractivos que potencian tu negocio<\/p><\/div><\/div>\n<\/div><\/div>\n\n\n\n<div class=\"wp-block-uagb-container uagb-layout-flex uagb-block-cf0213cd alignfull uagb-is-root-container\"><div class=\"uagb-container-inner-blocks-wrap\">\n<div class=\"wp-block-uagb-container uagb-layout-flex uagb-block-635599fa\">\n<div class=\"wp-block-uagb-image alignleft uagb-block-0bfadf58 wp-block-uagb-image--layout-default wp-block-uagb-image--effect-static wp-block-uagb-image--align-left\"><figure class=\"wp-block-uagb-image__figure\"><img decoding=\"async\" data-srcset=\"https:\/\/mallky.com\/wp-content\/uploads\/2025\/10\/Tableros_general-1024x768-1.jpg ,https:\/\/mallky.com\/wp-content\/uploads\/2025\/10\/Tableros_general-1024x768-1.jpg 780w, https:\/\/mallky.com\/wp-content\/uploads\/2025\/10\/Tableros_general-1024x768-1.jpg 360w\" data-sizes=\"auto, (max-width: 480px) 150px\" data-src=\"https:\/\/mallky.com\/wp-content\/uploads\/2025\/10\/Tableros_general-1024x768-1.jpg\" alt=\"\" class=\"uag-image-69 lazyload\" width=\"560\" height=\"373\" title=\"Tableros_general-1024x768\" role=\"img\" src=\"data:image\/svg+xml;base64,PHN2ZyB3aWR0aD0iMSIgaGVpZ2h0PSIxIiB4bWxucz0iaHR0cDovL3d3dy53My5vcmcvMjAwMC9zdmciPjwvc3ZnPg==\" style=\"--smush-placeholder-width: 560px; --smush-placeholder-aspect-ratio: 560\/373;\" \/><\/figure><\/div>\n\n\n\n<div class=\"wp-block-uagb-container uagb-block-dbbf29a0\">\n<div class=\"wp-block-uagb-advanced-heading uagb-block-1521d70e\"><h3 class=\"uagb-heading-text\">Instalaci\u00f3n y Mantenimiento de Tableros El\u00e9ctricos en Baja Tensi\u00f3n<\/h3><p class=\"uagb-desc-text\">Brindamos soluciones seguras y eficientes en la instalaci\u00f3n y mantenimiento de tableros el\u00e9ctricos, asegurando un \u00f3ptimo control y distribuci\u00f3n de energ\u00eda para sus operaciones.<\/p><\/div>\n<\/div>\n<\/div>\n\n\n\n<div class=\"wp-block-uagb-container uagb-layout-flex uagb-block-2fede980\">\n<div class=\"wp-block-uagb-container uagb-block-8885aafa\">\n<div class=\"wp-block-uagb-advanced-heading uagb-block-8e872b65\"><h3 class=\"uagb-heading-text\">Mantenimiento de Sub Estaciones El\u00e9ctricas en Media Tensi\u00f3n<\/h3><p class=\"uagb-desc-text\">Realizamos mantenimiento preventivo y correctivo de subestaciones el\u00e9ctricas, garantizando continuidad operativa, seguridad y confiabilidad en el suministro de energ\u00eda.<\/p><\/div>\n<\/div>\n\n\n\n<div class=\"wp-block-uagb-image alignright uagb-block-c8ab4730 wp-block-uagb-image--layout-default wp-block-uagb-image--effect-static wp-block-uagb-image--align-right\"><figure class=\"wp-block-uagb-image__figure\"><img decoding=\"async\" data-srcset=\"https:\/\/mallky.com\/wp-content\/uploads\/2025\/10\/Sub-estacion-elect-1024x683.jpg ,https:\/\/mallky.com\/wp-content\/uploads\/2025\/10\/Sub-estacion-elect.jpg 780w, https:\/\/mallky.com\/wp-content\/uploads\/2025\/10\/Sub-estacion-elect.jpg 360w\" data-sizes=\"auto, (max-width: 480px) 150px\" data-src=\"https:\/\/mallky.com\/wp-content\/uploads\/2025\/10\/Sub-estacion-elect-1024x683.jpg\" alt=\"\" class=\"uag-image-72 lazyload\" width=\"560\" height=\"373\" title=\"Sub estacion elect\" role=\"img\" src=\"data:image\/svg+xml;base64,PHN2ZyB3aWR0aD0iMSIgaGVpZ2h0PSIxIiB4bWxucz0iaHR0cDovL3d3dy53My5vcmcvMjAwMC9zdmciPjwvc3ZnPg==\" style=\"--smush-placeholder-width: 560px; --smush-placeholder-aspect-ratio: 560\/373;\" \/><\/figure><\/div>\n<\/div>\n\n\n\n<div class=\"wp-block-uagb-container uagb-layout-flex uagb-block-60d3fe30\">\n<div class=\"wp-block-uagb-image alignleft uagb-block-7b285939 wp-block-uagb-image--layout-default wp-block-uagb-image--effect-static wp-block-uagb-image--align-left\"><figure class=\"wp-block-uagb-image__figure\"><img decoding=\"async\" data-srcset=\"https:\/\/mallky.com\/wp-content\/uploads\/2025\/10\/ChatGPT-Image-3-oct-2025-08_59_40-p.m.png ,https:\/\/mallky.com\/wp-content\/uploads\/2025\/10\/ChatGPT-Image-3-oct-2025-08_59_40-p.m.png 780w, https:\/\/mallky.com\/wp-content\/uploads\/2025\/10\/ChatGPT-Image-3-oct-2025-08_59_40-p.m.png 360w\" data-sizes=\"auto, (max-width: 480px) 150px\" data-src=\"https:\/\/mallky.com\/wp-content\/uploads\/2025\/10\/ChatGPT-Image-3-oct-2025-08_59_40-p.m.png\" alt=\"\" class=\"uag-image-71 lazyload\" width=\"560\" height=\"373\" title=\"Terraza\" role=\"img\" src=\"data:image\/svg+xml;base64,PHN2ZyB3aWR0aD0iMSIgaGVpZ2h0PSIxIiB4bWxucz0iaHR0cDovL3d3dy53My5vcmcvMjAwMC9zdmciPjwvc3ZnPg==\" style=\"--smush-placeholder-width: 560px; --smush-placeholder-aspect-ratio: 560\/373;\" \/><\/figure><\/div>\n\n\n\n<div class=\"wp-block-uagb-container uagb-block-c341a2cf\">\n<div class=\"wp-block-uagb-advanced-heading uagb-block-64c1f42d\"><h3 class=\"uagb-heading-text\">Dise\u00f1o, Instalaci\u00f3n y Mantenimiento de Sistemas de Iluminaci\u00f3n<\/h3><p class=\"uagb-desc-text\">Creamos proyectos de iluminaci\u00f3n funcional y eficiente, desde el dise\u00f1o hasta la instalaci\u00f3n y mantenimiento, priorizando ahorro energ\u00e9tico y confort en cada espacio.<\/p><\/div>\n<\/div>\n<\/div>\n\n\n\n<div class=\"wp-block-uagb-container uagb-layout-flex uagb-block-117d5ff7\">\n<div class=\"wp-block-uagb-container uagb-block-9f4d50c6\">\n<div class=\"wp-block-uagb-advanced-heading uagb-block-fd0ee432\"><h3 class=\"uagb-heading-text\">Mantenimiento de Pozo a Tierra<\/h3><p class=\"uagb-desc-text\">Ejecutamos el mantenimiento integral de pozos a tierra, asegurando la correcta disipaci\u00f3n de descargas el\u00e9ctricas y cumpliendo con los est\u00e1ndares de seguridad el\u00e9ctrica.<\/p><\/div>\n<\/div>\n\n\n\n<div class=\"wp-block-uagb-image alignright uagb-block-7dd3ed2f wp-block-uagb-image--layout-default wp-block-uagb-image--effect-static wp-block-uagb-image--align-right\"><figure class=\"wp-block-uagb-image__figure\"><img decoding=\"async\" data-srcset=\"https:\/\/mallky.com\/wp-content\/uploads\/2025\/10\/Pozo-a-tierra-Instalacion.jpg ,https:\/\/mallky.com\/wp-content\/uploads\/2025\/10\/Pozo-a-tierra-Instalacion.jpg 780w, https:\/\/mallky.com\/wp-content\/uploads\/2025\/10\/Pozo-a-tierra-Instalacion.jpg 360w\" data-sizes=\"auto, (max-width: 480px) 150px\" data-src=\"https:\/\/mallky.com\/wp-content\/uploads\/2025\/10\/Pozo-a-tierra-Instalacion.jpg\" alt=\"\" class=\"uag-image-70 lazyload\" width=\"560\" height=\"373\" title=\"Pozo-a-tierra-Instalaci\u00f3n\" role=\"img\" src=\"data:image\/svg+xml;base64,PHN2ZyB3aWR0aD0iMSIgaGVpZ2h0PSIxIiB4bWxucz0iaHR0cDovL3d3dy53My5vcmcvMjAwMC9zdmciPjwvc3ZnPg==\" style=\"--smush-placeholder-width: 560px; --smush-placeholder-aspect-ratio: 560\/373;\" \/><\/figure><\/div>\n<\/div>\n\n\n\n<div class=\"wp-block-uagb-container uagb-layout-flex uagb-block-1edaf504\">\n<div class=\"wp-block-uagb-image alignleft uagb-block-ce19ff66 wp-block-uagb-image--layout-default wp-block-uagb-image--effect-static wp-block-uagb-image--align-left\"><figure class=\"wp-block-uagb-image__figure\"><img decoding=\"async\" data-srcset=\"https:\/\/mallky.com\/wp-content\/uploads\/2025\/10\/Unifilar-1024x911.png ,https:\/\/mallky.com\/wp-content\/uploads\/2025\/10\/Unifilar.png 780w, https:\/\/mallky.com\/wp-content\/uploads\/2025\/10\/Unifilar.png 360w\" data-sizes=\"auto, (max-width: 480px) 150px\" data-src=\"https:\/\/mallky.com\/wp-content\/uploads\/2025\/10\/Unifilar-1024x911.png\" alt=\"\" class=\"uag-image-73 lazyload\" width=\"560\" height=\"373\" title=\"Unifilar\" role=\"img\" src=\"data:image\/svg+xml;base64,PHN2ZyB3aWR0aD0iMSIgaGVpZ2h0PSIxIiB4bWxucz0iaHR0cDovL3d3dy53My5vcmcvMjAwMC9zdmciPjwvc3ZnPg==\" style=\"--smush-placeholder-width: 560px; --smush-placeholder-aspect-ratio: 560\/373;\" \/><\/figure><\/div>\n\n\n\n<div class=\"wp-block-uagb-container uagb-block-b2aee880\">\n<div class=\"wp-block-uagb-advanced-heading uagb-block-ab4cbecf\"><h3 class=\"uagb-heading-text\">Dise\u00f1o de Sistemas El\u00e9ctricos en Baja Tensi\u00f3n.<\/h3><p class=\"uagb-desc-text\">Desarrollamos proyectos el\u00e9ctricos en baja tensi\u00f3n adaptados a cada necesidad, priorizando seguridad, eficiencia y cumplimiento de la normativa vigente.<\/p><\/div>\n<\/div>\n<\/div>\n\n\n\n<div class=\"wp-block-uagb-container uagb-layout-flex uagb-block-1d3751cc\">\n<div class=\"wp-block-uagb-container uagb-block-89407200\">\n<div class=\"wp-block-uagb-advanced-heading uagb-block-fd7f8786\"><h3 class=\"uagb-heading-text\">Instalaci\u00f3n de Cercos El\u00e9ctricos Perimetrales<\/h3><p class=\"uagb-desc-text\">Implementamos cercos el\u00e9ctricos de alta confiabilidad para protecci\u00f3n perimetral, con instalaci\u00f3n profesional que refuerza la seguridad de sus instalaciones.<\/p><\/div>\n<\/div>\n\n\n\n<div class=\"wp-block-uagb-image alignright uagb-block-decf3890 wp-block-uagb-image--layout-default wp-block-uagb-image--effect-static wp-block-uagb-image--align-right\"><figure class=\"wp-block-uagb-image__figure\"><img decoding=\"async\" data-srcset=\"https:\/\/mallky.com\/wp-content\/uploads\/2025\/10\/Cerco-elect-1024x688.png ,https:\/\/mallky.com\/wp-content\/uploads\/2025\/10\/Cerco-elect.png 780w, https:\/\/mallky.com\/wp-content\/uploads\/2025\/10\/Cerco-elect.png 360w\" data-sizes=\"auto, (max-width: 480px) 150px\" data-src=\"https:\/\/mallky.com\/wp-content\/uploads\/2025\/10\/Cerco-elect-1024x688.png\" alt=\"\" class=\"uag-image-199 lazyload\" width=\"560\" height=\"373\" title=\"Cerco elect\" role=\"img\" src=\"data:image\/svg+xml;base64,PHN2ZyB3aWR0aD0iMSIgaGVpZ2h0PSIxIiB4bWxucz0iaHR0cDovL3d3dy53My5vcmcvMjAwMC9zdmciPjwvc3ZnPg==\" style=\"--smush-placeholder-width: 560px; --smush-placeholder-aspect-ratio: 560\/373;\" \/><\/figure><\/div>\n<\/div>\n<\/div><\/div>\n\n\n\n<div class=\"wp-block-uagb-container uagb-block-cef75dfa alignfull uagb-is-root-container\"><div class=\"uagb-container-inner-blocks-wrap\">\n<div class=\"wp-block-uagb-info-box uagb-block-e658499b uagb-infobox__content-wrap  uagb-infobox-icon-above-title uagb-infobox-image-valign-top wp-block-uagb-info-box--has-margin\"><div class=\"uagb-infobox-margin-wrapper\"><div class=\"uagb-ifb-content\"><div class=\"uagb-ifb-title-wrap\"><h2 class=\"uagb-ifb-title\"><em><strong>Conf\u00eda en expertos que garantizan continuidad y seguridad en tus operaciones<\/strong><\/em><\/h2><\/div><p class=\"uagb-ifb-desc\">Dise\u00f1amos soluciones que realzan la belleza y funcionalidad de sus ambientes, combinando estilo con eficiencia energ\u00e9tica para brindar confort, seguridad y un rendimiento \u00f3ptimo.<\/p><div class=\"uagb-ifb-button-wrapper wp-block-button\"><a href=\"https:\/\/mallky.com\/#solicitud\" class=\"uagb-infobox-cta-link wp-block-button__link\" target=\"_self\" rel=\"noopener noreferrer\" onclick=\"return true;\"><span class=\"uagb-inline-editing\">Cont\u00e1ctacnos<\/span><\/a><\/div><\/div><\/div><\/div>\n<\/div><\/div>\n\n\n\n<div class=\"wp-block-uagb-container uagb-block-bc9802d8 alignfull uagb-is-root-container\"><div class=\"uagb-container-inner-blocks-wrap\">\n<div class=\"wp-block-uagb-container uagb-layout-grid uagb-block-72aa8f1d\">\n<div class=\"wp-block-uagb-info-box uagb-block-72a21a14 uagb-infobox__content-wrap  uagb-infobox-icon-above-title uagb-infobox-image-valign-top wp-block-uagb-info-box--has-margin\"><div class=\"uagb-infobox-margin-wrapper\"><div class=\"uagb-ifb-content\"><div class=\"uagb-ifb-image-content\"><img decoding=\"async\" data-src=\"https:\/\/mallky.com\/wp-content\/uploads\/2025\/10\/WhatsApp-Image-2025-05-18-at-20.13.28-e1759549417425.jpeg\" alt=\"\" width=\"698\" height=\"868\" src=\"data:image\/svg+xml;base64,PHN2ZyB3aWR0aD0iMSIgaGVpZ2h0PSIxIiB4bWxucz0iaHR0cDovL3d3dy53My5vcmcvMjAwMC9zdmciPjwvc3ZnPg==\" class=\"lazyload\" style=\"--smush-placeholder-width: 698px; --smush-placeholder-aspect-ratio: 698\/868;\" \/><\/div><div class=\"uagb-ifb-title-wrap\"><h4 class=\"uagb-ifb-title\">Mantenimiento de tablero el\u00e9ctrico<\/h4><\/div><p class=\"uagb-ifb-desc\">Tienda THN, Mall Aventura.<\/p><\/div><\/div><\/div>\n\n\n\n<div class=\"wp-block-uagb-info-box uagb-block-3b2255ad uagb-infobox__content-wrap  uagb-infobox-icon-above-title uagb-infobox-image-valign-top\"><div class=\"uagb-ifb-content\"><div class=\"uagb-ifb-image-content\"><img decoding=\"async\" data-src=\"https:\/\/mallky.com\/wp-content\/uploads\/2025\/10\/WhatsApp-Image-2025-06-20-at-13.42.55-1-e1759550060556.jpeg\" alt=\"\" width=\"696\" height=\"867\" src=\"data:image\/svg+xml;base64,PHN2ZyB3aWR0aD0iMSIgaGVpZ2h0PSIxIiB4bWxucz0iaHR0cDovL3d3dy53My5vcmcvMjAwMC9zdmciPjwvc3ZnPg==\" class=\"lazyload\" style=\"--smush-placeholder-width: 696px; --smush-placeholder-aspect-ratio: 696\/867;\" \/><\/div><div class=\"uagb-ifb-title-wrap\"><h4 class=\"uagb-ifb-title\">Mantenimiento de Letrero Luminoso<\/h4><\/div><p class=\"uagb-ifb-desc\">Tienda Triathlon Sport. Mall Aventura<\/p><\/div><\/div>\n\n\n\n<div class=\"wp-block-uagb-info-box uagb-block-033a39a7 uagb-infobox__content-wrap  uagb-infobox-icon-above-title uagb-infobox-image-valign-top wp-block-uagb-info-box--has-margin\"><div class=\"uagb-infobox-margin-wrapper\"><div class=\"uagb-ifb-content\"><div class=\"uagb-ifb-image-content\"><img decoding=\"async\" data-src=\"https:\/\/mallky.com\/wp-content\/uploads\/2025\/10\/WhatsApp-Image-2024-04-02-at-11.25.38-AM-2-e1759551842107.jpeg\" alt=\"\" width=\"696\" height=\"867\" src=\"data:image\/svg+xml;base64,PHN2ZyB3aWR0aD0iMSIgaGVpZ2h0PSIxIiB4bWxucz0iaHR0cDovL3d3dy53My5vcmcvMjAwMC9zdmciPjwvc3ZnPg==\" class=\"lazyload\" style=\"--smush-placeholder-width: 696px; --smush-placeholder-aspect-ratio: 696\/867;\" \/><\/div><div class=\"uagb-ifb-title-wrap\"><h4 class=\"uagb-ifb-title\">Mantenimiento de Luminarias<\/h4><\/div><p class=\"uagb-ifb-desc\">Tienda Diverxia. Mall Aventura<\/p><\/div><\/div><\/div>\n\n\n\n<div class=\"wp-block-uagb-info-box uagb-block-0484f5ce uagb-infobox__content-wrap  uagb-infobox-icon-above-title uagb-infobox-image-valign-top\"><div class=\"uagb-ifb-content\"><div class=\"uagb-ifb-image-content\"><img decoding=\"async\" data-src=\"https:\/\/mallky.com\/wp-content\/uploads\/2025\/10\/WhatsApp-Image-2025-06-28-at-11.19.53-3-e1759550872592.jpeg\" alt=\"\" width=\"700\" height=\"860\" src=\"data:image\/svg+xml;base64,PHN2ZyB3aWR0aD0iMSIgaGVpZ2h0PSIxIiB4bWxucz0iaHR0cDovL3d3dy53My5vcmcvMjAwMC9zdmciPjwvc3ZnPg==\" class=\"lazyload\" style=\"--smush-placeholder-width: 700px; --smush-placeholder-aspect-ratio: 700\/860;\" \/><\/div><div class=\"uagb-ifb-title-wrap\"><h4 class=\"uagb-ifb-title\">Mantenimiento de Letrero<\/h4><\/div><p class=\"uagb-ifb-desc\">Tienda New Athletic. Mall Aventura<\/p><\/div><\/div>\n\n\n\n<div class=\"wp-block-uagb-info-box uagb-block-f1800cf0 uagb-infobox__content-wrap  uagb-infobox-icon-above-title uagb-infobox-image-valign-top\"><div class=\"uagb-ifb-content\"><div class=\"uagb-ifb-image-content\"><img decoding=\"async\" data-src=\"https:\/\/mallky.com\/wp-content\/uploads\/2025\/10\/WhatsApp-Image-2025-10-03-at-23.33.32-e1759553145313.jpeg\" alt=\"\" width=\"700\" height=\"860\" src=\"data:image\/svg+xml;base64,PHN2ZyB3aWR0aD0iMSIgaGVpZ2h0PSIxIiB4bWxucz0iaHR0cDovL3d3dy53My5vcmcvMjAwMC9zdmciPjwvc3ZnPg==\" class=\"lazyload\" style=\"--smush-placeholder-width: 700px; --smush-placeholder-aspect-ratio: 700\/860;\" \/><\/div><div class=\"uagb-ifb-title-wrap\"><h4 class=\"uagb-ifb-title\">Mantenimiento de Luminarias\u200b<\/h4><\/div><p class=\"uagb-ifb-desc\">Tienda Hush Puppies. Mall Real Plaza<\/p><\/div><\/div>\n\n\n\n<div class=\"wp-block-uagb-info-box uagb-block-8306bf66 uagb-infobox__content-wrap  uagb-infobox-icon-above-title uagb-infobox-image-valign-top\"><div class=\"uagb-ifb-content\"><div class=\"uagb-ifb-image-content\"><img decoding=\"async\" data-src=\"https:\/\/mallky.com\/wp-content\/uploads\/2025\/10\/termomagnetica-4-e1759552707628.jpeg\" alt=\"\" width=\"701\" height=\"860\" src=\"data:image\/svg+xml;base64,PHN2ZyB3aWR0aD0iMSIgaGVpZ2h0PSIxIiB4bWxucz0iaHR0cDovL3d3dy53My5vcmcvMjAwMC9zdmciPjwvc3ZnPg==\" class=\"lazyload\" style=\"--smush-placeholder-width: 701px; --smush-placeholder-aspect-ratio: 701\/860;\" \/><\/div><div class=\"uagb-ifb-title-wrap\"><h4 class=\"uagb-ifb-title\">Mantenimiento de Tablero El\u00e9ctrico<\/h4><\/div><p class=\"uagb-ifb-desc\">Tienda Walon. Mall Aventura<\/p><\/div><\/div>\n<\/div>\n<\/div><\/div>\n","protected":false},"excerpt":{"rendered":"<p>Sistemas El\u00e9ctricos Instalaci\u00f3n y Mantenimiento de Tableros El\u00e9ctricos en Baja Tensi\u00f3n Brindamos soluciones seguras y eficientes en la instalaci\u00f3n y [&hellip;]<\/p>\n","protected":false},"author":1,"featured_media":0,"parent":0,"menu_order":0,"comment_status":"closed","ping_status":"closed","template":"","meta":{"_uag_custom_page_level_css":"","site-sidebar-layout":"default","site-content-layout":"","ast-site-content-layout":"default","site-content-style":"default","site-sidebar-style":"default","ast-global-header-display":"","ast-banner-title-visibility":"","ast-main-header-display":"","ast-hfb-above-header-display":"","ast-hfb-below-header-display":"","ast-hfb-mobile-header-display":"","site-post-title":"disabled","ast-breadcrumbs-content":"","ast-featured-img":"","footer-sml-layout":"","theme-transparent-header-meta":"","adv-header-id-meta":"","stick-header-meta":"","header-above-stick-meta":"","header-main-stick-meta":"","header-below-stick-meta":"","astra-migrate-meta-layouts":"default","ast-page-background-enabled":"default","ast-page-background-meta":{"desktop":{"background-color":"var(--ast-global-color-5)","background-image":"","background-repeat":"repeat","background-position":"center center","background-size":"auto","background-attachment":"scroll","background-type":"","background-media":"","overlay-type":"","overlay-color":"","overlay-opacity":"","overlay-gradient":""},"tablet":{"background-color":"","background-image":"","background-repeat":"repeat","background-position":"center center","background-size":"auto","background-attachment":"scroll","background-type":"","background-media":"","overlay-type":"","overlay-color":"","overlay-opacity":"","overlay-gradient":""},"mobile":{"background-color":"","background-image":"","background-repeat":"repeat","background-position":"center center","background-size":"auto","background-attachment":"scroll","background-type":"","background-media":"","overlay-type":"","overlay-color":"","overlay-opacity":"","overlay-gradient":""}},"ast-content-background-meta":{"desktop":{"background-color":"var(--ast-global-color-4)","background-image":"","background-repeat":"repeat","background-position":"center center","background-size":"auto","background-attachment":"scroll","background-type":"","background-media":"","overlay-type":"","overlay-color":"","overlay-opacity":"","overlay-gradient":""},"tablet":{"background-color":"var(--ast-global-color-4)","background-image":"","background-repeat":"repeat","background-position":"center center","background-size":"auto","background-attachment":"scroll","background-type":"","background-media":"","overlay-type":"","overlay-color":"","overlay-opacity":"","overlay-gradient":""},"mobile":{"background-color":"var(--ast-global-color-4)","background-image":"","background-repeat":"repeat","background-position":"center center","background-size":"auto","background-attachment":"scroll","background-type":"","background-media":"","overlay-type":"","overlay-color":"","overlay-opacity":"","overlay-gradient":""}},"footnotes":""},"class_list":["post-48","page","type-page","status-publish","hentry"],"uagb_featured_image_src":{"full":false,"thumbnail":false,"medium":false,"medium_large":false,"large":false,"1536x1536":false,"2048x2048":false},"uagb_author_info":{"display_name":"mallkyco","author_link":"https:\/\/mallky.com\/index.php\/author\/mallkyco\/"},"uagb_comment_info":0,"uagb_excerpt":"Sistemas El\u00e9ctricos Instalaci\u00f3n y Mantenimiento de Tableros El\u00e9ctricos en Baja Tensi\u00f3n Brindamos soluciones seguras y eficientes en la instalaci\u00f3n y [&hellip;]","_links":{"self":[{"href":"https:\/\/mallky.com\/index.php\/wp-json\/wp\/v2\/pages\/48","targetHints":{"allow":["GET"]}}],"collection":[{"href":"https:\/\/mallky.com\/index.php\/wp-json\/wp\/v2\/pages"}],"about":[{"href":"https:\/\/mallky.com\/index.php\/wp-json\/wp\/v2\/types\/page"}],"author":[{"embeddable":true,"href":"https:\/\/mallky.com\/index.php\/wp-json\/wp\/v2\/users\/1"}],"replies":[{"embeddable":true,"href":"https:\/\/mallky.com\/index.php\/wp-json\/wp\/v2\/comments?post=48"}],"version-history":[{"count":11,"href":"https:\/\/mallky.com\/index.php\/wp-json\/wp\/v2\/pages\/48\/revisions"}],"predecessor-version":[{"id":301,"href":"https:\/\/mallky.com\/index.php\/wp-json\/wp\/v2\/pages\/48\/revisions\/301"}],"wp:attachment":[{"href":"https:\/\/mallky.com\/index.php\/wp-json\/wp\/v2\/media?parent=48"}],"curies":[{"name":"wp","href":"https:\/\/api.w.org\/{rel}","templated":true}]}}