{"id":107,"date":"2025-10-19T02:18:02","date_gmt":"2025-10-19T02:18:02","guid":{"rendered":"https:\/\/mallky.com\/?page_id=107"},"modified":"2025-10-19T20:20:59","modified_gmt":"2025-10-19T20:20:59","slug":"mantenimiento-integral","status":"publish","type":"page","link":"https:\/\/mallky.com\/index.php\/mantenimiento-integral\/","title":{"rendered":"Mantenimiento Integral"},"content":{"rendered":"\n<div class=\"wp-block-uagb-container uagb-block-53e354c1 alignfull uagb-is-root-container\"><div class=\"uagb-container-inner-blocks-wrap\">\n<div class=\"wp-block-uagb-advanced-heading uagb-block-96de779f\"><h1 class=\"uagb-heading-text\">Mantenimiento planificado, eficiente y orientado a resultados<\/h1><div class=\"uagb-separator\"><\/div><\/div>\n<\/div><\/div>\n\n\n\n<div class=\"wp-block-uagb-container uagb-block-2d2c464f alignfull uagb-is-root-container\"><div class=\"uagb-container-inner-blocks-wrap\">\n<div class=\"wp-block-uagb-info-box uagb-block-730cbb53 uagb-infobox__content-wrap  uagb-infobox-icon-above-title uagb-infobox-image-valign-top\"><div class=\"uagb-ifb-content\"><div class=\"uagb-ifb-icon-wrap\"><svg xmlns=\"https:\/\/www.w3.org\/2000\/svg\" viewBox=\"0 0 640 512\"><path d=\"M512 160c44.18 0 80-35.82 80-80S556.2 0 512 0c-44.18 0-80 35.82-80 80S467.8 160 512 160zM128 160c44.18 0 80-35.82 80-80S172.2 0 128 0C83.82 0 48 35.82 48 80S83.82 160 128 160zM319.9 320c57.41 0 103.1-46.56 103.1-104c0-57.44-46.54-104-103.1-104c-57.41 0-103.1 46.56-103.1 104C215.9 273.4 262.5 320 319.9 320zM368 400c0-16.69 3.398-32.46 8.619-47.36C374.3 352.5 372.2 352 369.9 352H270.1C191.6 352 128 411.7 128 485.3C128 500.1 140.7 512 156.4 512h266.1C389.5 485.6 368 445.5 368 400zM183.9 216c0-5.449 .9824-10.63 1.609-15.91C174.6 194.1 162.6 192 149.9 192H88.08C39.44 192 0 233.8 0 285.3C0 295.6 7.887 304 17.62 304h199.5C196.7 280.2 183.9 249.7 183.9 216zM551.9 192h-61.84c-12.8 0-24.88 3.037-35.86 8.24C454.8 205.5 455.8 210.6 455.8 216c0 21.47-5.625 41.38-14.65 59.34C462.2 263.4 486.1 256 512 256c42.48 0 80.27 18.74 106.6 48h3.756C632.1 304 640 295.6 640 285.3C640 233.8 600.6 192 551.9 192zM618.1 366.7c-5.025-16.01-13.59-30.62-24.75-42.71c-1.674-1.861-4.467-2.326-6.699-1.023l-19.17 11.07c-8.096-6.887-17.4-12.28-27.45-15.82V295.1c0-2.514-1.861-4.746-4.281-5.213c-16.56-3.723-33.5-3.629-49.32 0C484.9 291.2 483.1 293.5 483.1 295.1v22.24c-10.05 3.537-19.36 8.932-27.45 15.82l-19.26-11.07c-2.139-1.303-4.932-.8379-6.697 1.023c-11.17 12.1-19.73 26.71-24.66 42.71c-.7441 2.512 .2793 5.117 2.42 6.326l19.17 11.17c-1.859 10.42-1.859 21.21 0 31.64l-19.17 11.17c-2.234 1.209-3.164 3.816-2.42 6.328c4.932 16.01 13.49 30.52 24.66 42.71c1.766 1.863 4.467 2.328 6.697 1.025l19.26-11.07c8.094 6.887 17.4 12.28 27.45 15.82v22.24c0 2.514 1.77 4.746 4.188 5.211c16.66 3.723 33.5 3.629 49.32 0c2.42-.4648 4.281-2.697 4.281-5.211v-22.24c10.05-3.535 19.36-8.932 27.45-15.82l19.17 11.07c2.141 1.303 5.025 .8379 6.699-1.025c11.17-12.1 19.73-26.7 24.75-42.71c.7441-2.512-.2773-5.119-2.512-6.328l-19.17-11.17c1.953-10.42 1.953-21.22 0-31.64l19.17-11.17C618.7 371.8 619.7 369.2 618.1 366.7zM512 432c-17.67 0-32-14.33-32-32c0-17.67 14.33-32 32-32s32 14.33 32 32C544 417.7 529.7 432 512 432z\"><\/path><\/svg><\/div><div class=\"uagb-ifb-title-wrap\"><h4 class=\"uagb-ifb-title\"><strong>Gesti\u00f3n de Mantenimiento &#8211; Facility Maintenance<\/strong><\/h4><\/div><p class=\"uagb-ifb-desc\">Planificamos, organizamos y controlamos cada actividad para asegurar la continuidad operativa y el m\u00e1ximo rendimiento de tus instalaciones.<\/p><\/div><\/div>\n\n\n\n<div class=\"wp-block-uagb-info-box uagb-block-49b8e308 uagb-infobox__content-wrap  uagb-infobox-icon-above-title uagb-infobox-image-valign-top\"><div class=\"uagb-ifb-content\"><div class=\"uagb-ifb-icon-wrap\"><svg xmlns=\"https:\/\/www.w3.org\/2000\/svg\" viewBox=\"0 0 512 512\"><path d=\"M331.8 224.1c28.29 0 54.88 10.99 74.86 30.97l19.59 19.59c40.01-17.74 71.25-53.3 81.62-96.65c5.725-23.92 5.34-47.08 .2148-68.4c-2.613-10.88-16.43-14.51-24.34-6.604l-68.9 68.9h-75.6V97.2l68.9-68.9c7.912-7.912 4.275-21.73-6.604-24.34c-21.32-5.125-44.48-5.51-68.4 .2148c-55.3 13.23-98.39 60.22-107.2 116.4C224.5 128.9 224.2 137 224.3 145l82.78 82.86C315.2 225.1 323.5 224.1 331.8 224.1zM384 278.6c-23.16-23.16-57.57-27.57-85.39-13.9L191.1 158L191.1 95.99l-127.1-95.99L0 63.1l96 127.1l62.04 .0077l106.7 106.6c-13.67 27.82-9.251 62.23 13.91 85.39l117 117.1c14.62 14.5 38.21 14.5 52.71-.0016l52.75-52.75c14.5-14.5 14.5-38.08-.0016-52.71L384 278.6zM227.9 307L168.7 247.9l-148.9 148.9c-26.37 26.37-26.37 69.08 0 95.45C32.96 505.4 50.21 512 67.5 512s34.54-6.592 47.72-19.78l119.1-119.1C225.5 352.3 222.6 329.4 227.9 307zM64 472c-13.25 0-24-10.75-24-24c0-13.26 10.75-24 24-24S88 434.7 88 448C88 461.3 77.25 472 64 472z\"><\/path><\/svg><\/div><div class=\"uagb-ifb-title-wrap\"><h4 class=\"uagb-ifb-title\"><strong><strong>Mantenimiento Proactivo<\/strong><\/strong><\/h4><\/div><p class=\"uagb-ifb-desc\">Anticipamos los problemas antes de que ocurran. Implementamos estrategias y mejoras que optimizan el funcionamiento y reducen costos de intervenci\u00f3n.<\/p><\/div><\/div>\n\n\n\n<div class=\"wp-block-uagb-info-box uagb-block-ea63fe5e uagb-infobox__content-wrap  uagb-infobox-icon-above-title uagb-infobox-image-valign-top\"><div class=\"uagb-ifb-content\"><div class=\"uagb-ifb-icon-wrap\"><svg xmlns=\"https:\/\/www.w3.org\/2000\/svg\" viewBox=\"0 0 512 512\"><path d=\"M507.6 122.8c-2.904-12.09-18.25-16.13-27.04-7.338l-76.55 76.56l-83.1-.0002l0-83.1l76.55-76.56c8.791-8.789 4.75-24.14-7.336-27.04c-23.69-5.693-49.34-6.111-75.92 .2484c-61.45 14.7-109.4 66.9-119.2 129.3C189.8 160.8 192.3 186.7 200.1 210.1l-178.1 178.1c-28.12 28.12-28.12 73.69 0 101.8C35.16 504.1 53.56 512 71.1 512s36.84-7.031 50.91-21.09l178.1-178.1c23.46 7.736 49.31 10.24 76.17 6.004c62.41-9.84 114.6-57.8 129.3-119.2C513.7 172.1 513.3 146.5 507.6 122.8zM80 456c-13.25 0-24-10.75-24-24c0-13.26 10.75-24 24-24s24 10.74 24 24C104 445.3 93.25 456 80 456z\"><\/path><\/svg><\/div><div class=\"uagb-ifb-title-wrap\"><h4 class=\"uagb-ifb-title\"><strong><strong>Mantenimiento Reactivo<\/strong><\/strong><\/h4><\/div><p class=\"uagb-ifb-desc\">Respondemos de forma inmediata ante imprevistos. Nuestro equipo t\u00e9cnico soluciona fallas con rapidez y precisi\u00f3n, minimizando tiempos de inactividad.<\/p><\/div><\/div>\n<\/div><\/div>\n\n\n\n<div class=\"wp-block-uagb-container uagb-layout-flex uagb-block-cf0213cd alignfull uagb-is-root-container\"><div class=\"uagb-container-inner-blocks-wrap\">\n<div class=\"wp-block-uagb-container uagb-layout-flex uagb-block-635599fa\">\n<div class=\"wp-block-uagb-image alignleft uagb-block-0bfadf58 wp-block-uagb-image--layout-default wp-block-uagb-image--effect-static wp-block-uagb-image--align-left\"><figure class=\"wp-block-uagb-image__figure\"><img decoding=\"async\" data-srcset=\"https:\/\/mallky.com\/wp-content\/uploads\/2025\/10\/planear-1024x1020.jpg ,https:\/\/mallky.com\/wp-content\/uploads\/2025\/10\/planear.jpg 780w, https:\/\/mallky.com\/wp-content\/uploads\/2025\/10\/planear.jpg 360w\" data-sizes=\"auto, (max-width: 480px) 150px\" data-src=\"https:\/\/mallky.com\/wp-content\/uploads\/2025\/10\/planear-1024x1020.jpg\" alt=\"\" class=\"uag-image-221 lazyload\" width=\"560\" height=\"373\" title=\"planear\" role=\"img\" src=\"data:image\/svg+xml;base64,PHN2ZyB3aWR0aD0iMSIgaGVpZ2h0PSIxIiB4bWxucz0iaHR0cDovL3d3dy53My5vcmcvMjAwMC9zdmciPjwvc3ZnPg==\" style=\"--smush-placeholder-width: 560px; --smush-placeholder-aspect-ratio: 560\/373;\" \/><\/figure><\/div>\n\n\n\n<div class=\"wp-block-uagb-container uagb-block-dbbf29a0\">\n<div class=\"wp-block-uagb-advanced-heading uagb-block-1521d70e\"><h3 class=\"uagb-heading-text\">Elaboraci\u00f3n de planes y cronogramas de mantenimiento<\/h3><p class=\"uagb-desc-text\">Dise\u00f1amos y ejecutamos planes estrat\u00e9gicos para asegurar la continuidad operativa y el cumplimiento normativo.<\/p><\/div>\n<\/div>\n<\/div>\n\n\n\n<div class=\"wp-block-uagb-container uagb-layout-flex uagb-block-2fede980\">\n<div class=\"wp-block-uagb-container uagb-block-8885aafa\">\n<div class=\"wp-block-uagb-advanced-heading uagb-block-8e872b65\"><h3 class=\"uagb-heading-text\">Inspecciones t\u00e9cnicas y reportes de gesti\u00f3n\u200b<\/h3><p class=\"uagb-desc-text\">Realizamos evaluaciones peri\u00f3dicas con informes detallados que permiten tomar decisiones basadas en datos reales.<\/p><\/div>\n<\/div>\n\n\n\n<div class=\"wp-block-uagb-image alignright uagb-block-c8ab4730 wp-block-uagb-image--layout-default wp-block-uagb-image--effect-static wp-block-uagb-image--align-right\"><figure class=\"wp-block-uagb-image__figure\"><img decoding=\"async\" data-srcset=\"https:\/\/mallky.com\/wp-content\/uploads\/2025\/10\/piqsels.com-id-swmfe.jpg ,https:\/\/mallky.com\/wp-content\/uploads\/2025\/10\/piqsels.com-id-swmfe.jpg 780w, https:\/\/mallky.com\/wp-content\/uploads\/2025\/10\/piqsels.com-id-swmfe.jpg 360w\" data-sizes=\"auto, (max-width: 480px) 150px\" data-src=\"https:\/\/mallky.com\/wp-content\/uploads\/2025\/10\/piqsels.com-id-swmfe.jpg\" alt=\"\" class=\"uag-image-223 lazyload\" width=\"560\" height=\"373\" title=\"piqsels.com-id-swmfe\" role=\"img\" src=\"data:image\/svg+xml;base64,PHN2ZyB3aWR0aD0iMSIgaGVpZ2h0PSIxIiB4bWxucz0iaHR0cDovL3d3dy53My5vcmcvMjAwMC9zdmciPjwvc3ZnPg==\" style=\"--smush-placeholder-width: 560px; --smush-placeholder-aspect-ratio: 560\/373;\" \/><\/figure><\/div>\n<\/div>\n\n\n\n<div class=\"wp-block-uagb-container uagb-layout-flex uagb-block-60d3fe30\">\n<div class=\"wp-block-uagb-image alignleft uagb-block-7b285939 wp-block-uagb-image--layout-default wp-block-uagb-image--effect-static wp-block-uagb-image--align-left\"><figure class=\"wp-block-uagb-image__figure\"><img decoding=\"async\" data-srcset=\"https:\/\/mallky.com\/wp-content\/uploads\/2025\/10\/planificacion.jpg ,https:\/\/mallky.com\/wp-content\/uploads\/2025\/10\/planificacion.jpg 780w, https:\/\/mallky.com\/wp-content\/uploads\/2025\/10\/planificacion.jpg 360w\" data-sizes=\"auto, (max-width: 480px) 150px\" data-src=\"https:\/\/mallky.com\/wp-content\/uploads\/2025\/10\/planificacion.jpg\" alt=\"\" class=\"uag-image-222 lazyload\" width=\"560\" height=\"373\" title=\"planificacion\" role=\"img\" src=\"data:image\/svg+xml;base64,PHN2ZyB3aWR0aD0iMSIgaGVpZ2h0PSIxIiB4bWxucz0iaHR0cDovL3d3dy53My5vcmcvMjAwMC9zdmciPjwvc3ZnPg==\" style=\"--smush-placeholder-width: 560px; --smush-placeholder-aspect-ratio: 560\/373;\" \/><\/figure><\/div>\n\n\n\n<div class=\"wp-block-uagb-container uagb-block-c341a2cf\">\n<div class=\"wp-block-uagb-advanced-heading uagb-block-64c1f42d\"><h3 class=\"uagb-heading-text\">Mantenimiento preventivo programado<\/h3><p class=\"uagb-desc-text\">Ejecutamos rutinas de mantenimiento para evitar fallas, prolongar la vida \u00fatil de los equipos y reducir costos.<\/p><\/div>\n<\/div>\n<\/div>\n\n\n\n<div class=\"wp-block-uagb-container uagb-layout-flex uagb-block-117d5ff7\">\n<div class=\"wp-block-uagb-container uagb-block-9f4d50c6\">\n<div class=\"wp-block-uagb-advanced-heading uagb-block-fd0ee432\"><h3 class=\"uagb-heading-text\">Diagn\u00f3stico y mejora del rendimiento de sistemas<\/h3><p class=\"uagb-desc-text\">Monitoreamos el estado de los equipos y proponemos mejoras que optimizan eficiencia y seguridad.<\/p><\/div>\n<\/div>\n\n\n\n<div class=\"wp-block-uagb-image alignright uagb-block-7dd3ed2f wp-block-uagb-image--layout-default wp-block-uagb-image--effect-static wp-block-uagb-image--align-right\"><figure class=\"wp-block-uagb-image__figure\"><img decoding=\"async\" data-srcset=\"https:\/\/mallky.com\/wp-content\/uploads\/2025\/10\/Procesos-1-e1760747126206.png ,https:\/\/mallky.com\/wp-content\/uploads\/2025\/10\/Procesos-1-e1760747126206.png 780w, https:\/\/mallky.com\/wp-content\/uploads\/2025\/10\/Procesos-1-e1760747126206.png 360w\" data-sizes=\"auto, (max-width: 480px) 150px\" data-src=\"https:\/\/mallky.com\/wp-content\/uploads\/2025\/10\/Procesos-1-e1760747126206.png\" alt=\"\" class=\"uag-image-224 lazyload\" width=\"560\" height=\"373\" title=\"Procesos\" role=\"img\" src=\"data:image\/svg+xml;base64,PHN2ZyB3aWR0aD0iMSIgaGVpZ2h0PSIxIiB4bWxucz0iaHR0cDovL3d3dy53My5vcmcvMjAwMC9zdmciPjwvc3ZnPg==\" style=\"--smush-placeholder-width: 560px; --smush-placeholder-aspect-ratio: 560\/373;\" \/><\/figure><\/div>\n<\/div>\n\n\n\n<div class=\"wp-block-uagb-container uagb-layout-flex uagb-block-1edaf504\">\n<div class=\"wp-block-uagb-image alignleft uagb-block-ce19ff66 wp-block-uagb-image--layout-default wp-block-uagb-image--effect-static wp-block-uagb-image--align-left\"><figure class=\"wp-block-uagb-image__figure\"><img decoding=\"async\" data-srcset=\"https:\/\/mallky.com\/wp-content\/uploads\/2025\/10\/DALL\u00b7E-2024-12-24-14.45.41-An-image-illustrating-the-concept-of-integrated-maintenance-management-for-both-institutional-and-residential-clients.-The-visual-features-a-modern-bu-1024x585.webp ,https:\/\/mallky.com\/wp-content\/uploads\/2025\/10\/DALL\u00b7E-2024-12-24-14.45.41-An-image-illustrating-the-concept-of-integrated-maintenance-management-for-both-institutional-and-residential-clients.-The-visual-features-a-modern-bu.webp 780w, https:\/\/mallky.com\/wp-content\/uploads\/2025\/10\/DALL\u00b7E-2024-12-24-14.45.41-An-image-illustrating-the-concept-of-integrated-maintenance-management-for-both-institutional-and-residential-clients.-The-visual-features-a-modern-bu.webp 360w\" data-sizes=\"auto, (max-width: 480px) 150px\" data-src=\"https:\/\/mallky.com\/wp-content\/uploads\/2025\/10\/DALL\u00b7E-2024-12-24-14.45.41-An-image-illustrating-the-concept-of-integrated-maintenance-management-for-both-institutional-and-residential-clients.-The-visual-features-a-modern-bu-1024x585.webp\" alt=\"\" class=\"uag-image-225 lazyload\" width=\"560\" height=\"373\" title=\"DALL\u00b7E 2024-12-24 14.45.41 - An image illustrating the concept of integrated maintenance management for both institutional and residential clients. The visual features a modern bu\" role=\"img\" src=\"data:image\/svg+xml;base64,PHN2ZyB3aWR0aD0iMSIgaGVpZ2h0PSIxIiB4bWxucz0iaHR0cDovL3d3dy53My5vcmcvMjAwMC9zdmciPjwvc3ZnPg==\" style=\"--smush-placeholder-width: 560px; --smush-placeholder-aspect-ratio: 560\/373;\" \/><\/figure><\/div>\n\n\n\n<div class=\"wp-block-uagb-container uagb-block-b2aee880\">\n<div class=\"wp-block-uagb-advanced-heading uagb-block-ab4cbecf\"><h3 class=\"uagb-heading-text\">Atenci\u00f3n de emergencias y reparaciones t\u00e9cnicas<\/h3><p class=\"uagb-desc-text\">Respondemos r\u00e1pidamente ante cualquier falla o aver\u00eda, garantizando soluciones efectivas y seguras.<\/p><\/div>\n<\/div>\n<\/div>\n\n\n\n<div class=\"wp-block-uagb-container uagb-layout-flex uagb-block-1d3751cc\">\n<div class=\"wp-block-uagb-container uagb-block-89407200\">\n<div class=\"wp-block-uagb-advanced-heading uagb-block-fd7f8786\"><h3 class=\"uagb-heading-text\">Evaluaci\u00f3n econ\u00f3mica para el reemplazo y modernizaci\u00f3n de equipos<\/h3><p class=\"uagb-desc-text\">Analizamos el costo-beneficio de mantener, reparar o modernizar tus equipos, ayud\u00e1ndote a tomar decisiones rentables y estrat\u00e9gicas que optimicen tus recursos.<\/p><\/div>\n<\/div>\n\n\n\n<div class=\"wp-block-uagb-image alignright uagb-block-decf3890 wp-block-uagb-image--layout-default wp-block-uagb-image--effect-static wp-block-uagb-image--align-right\"><figure class=\"wp-block-uagb-image__figure\"><img decoding=\"async\" data-srcset=\"https:\/\/mallky.com\/wp-content\/uploads\/2025\/10\/Eval-econ-1024x683.png ,https:\/\/mallky.com\/wp-content\/uploads\/2025\/10\/Eval-econ.png 780w, https:\/\/mallky.com\/wp-content\/uploads\/2025\/10\/Eval-econ.png 360w\" data-sizes=\"auto, (max-width: 480px) 150px\" data-src=\"https:\/\/mallky.com\/wp-content\/uploads\/2025\/10\/Eval-econ-1024x683.png\" alt=\"\" class=\"uag-image-226 lazyload\" width=\"560\" height=\"373\" title=\"Eval econ\" role=\"img\" src=\"data:image\/svg+xml;base64,PHN2ZyB3aWR0aD0iMSIgaGVpZ2h0PSIxIiB4bWxucz0iaHR0cDovL3d3dy53My5vcmcvMjAwMC9zdmciPjwvc3ZnPg==\" style=\"--smush-placeholder-width: 560px; --smush-placeholder-aspect-ratio: 560\/373;\" \/><\/figure><\/div>\n<\/div>\n<\/div><\/div>\n\n\n\n<div class=\"wp-block-uagb-container uagb-block-cef75dfa alignfull uagb-is-root-container\"><div class=\"uagb-container-inner-blocks-wrap\">\n<div class=\"wp-block-uagb-info-box uagb-block-e658499b uagb-infobox__content-wrap  uagb-infobox-icon-above-title uagb-infobox-image-valign-top wp-block-uagb-info-box--has-margin\"><div class=\"uagb-infobox-margin-wrapper\"><div class=\"uagb-ifb-content\"><div class=\"uagb-ifb-title-wrap\"><h6 class=\"uagb-ifb-title-prefix\"><strong>Cont\u00e1ctanos<\/strong><\/h6><h2 class=\"uagb-ifb-title\">Gesti\u00f3n de Mantenimiento<\/h2><\/div><p class=\"uagb-ifb-desc\"><strong>Soluciones integrales para el \u00f3ptimo funcionamiento de tus instalaciones.<\/strong><\/p><div class=\"uagb-ifb-button-wrapper wp-block-button\"><a href=\"https:\/\/mallky.com\/#solicitud\" class=\"uagb-infobox-cta-link wp-block-button__link\" target=\"_self\" rel=\"noopener noreferrer\" onclick=\"return true;\"><span class=\"uagb-inline-editing\">Solicita tu cotizaci\u00f3n<\/span><\/a><\/div><\/div><\/div><\/div>\n<\/div><\/div>\n\n\n\n<div class=\"wp-block-uagb-container uagb-block-bc9802d8 alignfull uagb-is-root-container\"><div class=\"uagb-container-inner-blocks-wrap\">\n<div class=\"wp-block-uagb-container uagb-layout-grid uagb-block-72aa8f1d\">\n<div class=\"wp-block-uagb-info-box uagb-block-72a21a14 uagb-infobox__content-wrap  uagb-infobox-icon-above-title uagb-infobox-image-valign-top wp-block-uagb-info-box--has-margin\"><div class=\"uagb-infobox-margin-wrapper\"><div class=\"uagb-ifb-content\"><div class=\"uagb-ifb-image-content\"><img decoding=\"async\" data-src=\"https:\/\/mallky.com\/wp-content\/uploads\/2025\/10\/WhatsApp-Image-2024-11-26-at-22.06.37.jpeg\" alt=\"\" width=\"1600\" height=\"702\" src=\"data:image\/svg+xml;base64,PHN2ZyB3aWR0aD0iMSIgaGVpZ2h0PSIxIiB4bWxucz0iaHR0cDovL3d3dy53My5vcmcvMjAwMC9zdmciPjwvc3ZnPg==\" class=\"lazyload\" style=\"--smush-placeholder-width: 1600px; --smush-placeholder-aspect-ratio: 1600\/702;\" \/><\/div><div class=\"uagb-ifb-title-wrap\"><h4 class=\"uagb-ifb-title\">Mantenimiento de mampara<\/h4><\/div><p class=\"uagb-ifb-desc\">Tienda Calimod, mall Aventura<\/p><\/div><\/div><\/div>\n\n\n\n<div class=\"wp-block-uagb-info-box uagb-block-3b2255ad uagb-infobox__content-wrap  uagb-infobox-icon-above-title uagb-infobox-image-valign-top\"><div class=\"uagb-ifb-content\"><div class=\"uagb-ifb-image-content\"><img decoding=\"async\" data-src=\"https:\/\/mallky.com\/wp-content\/uploads\/2025\/10\/WhatsApp-Image-2025-10-17-at-20.33.36-e1760796676879.jpeg\" alt=\"\" width=\"700\" height=\"580\" src=\"data:image\/svg+xml;base64,PHN2ZyB3aWR0aD0iMSIgaGVpZ2h0PSIxIiB4bWxucz0iaHR0cDovL3d3dy53My5vcmcvMjAwMC9zdmciPjwvc3ZnPg==\" class=\"lazyload\" style=\"--smush-placeholder-width: 700px; --smush-placeholder-aspect-ratio: 700\/580;\" \/><\/div><div class=\"uagb-ifb-title-wrap\"><h4 class=\"uagb-ifb-title\">Decoraci\u00f3n Led<\/h4><\/div><p class=\"uagb-ifb-desc\">Tienda THN, mall Aventura<\/p><\/div><\/div>\n\n\n\n<div class=\"wp-block-uagb-info-box uagb-block-033a39a7 uagb-infobox__content-wrap  uagb-infobox-icon-above-title uagb-infobox-image-valign-top wp-block-uagb-info-box--has-margin\"><div class=\"uagb-infobox-margin-wrapper\"><div class=\"uagb-ifb-content\"><div class=\"uagb-ifb-image-content\"><img decoding=\"async\" data-src=\"https:\/\/mallky.com\/wp-content\/uploads\/2025\/10\/WhatsApp-Image-2025-10-17-at-20.45.29.jpeg\" alt=\"\" width=\"1280\" height=\"561\" src=\"data:image\/svg+xml;base64,PHN2ZyB3aWR0aD0iMSIgaGVpZ2h0PSIxIiB4bWxucz0iaHR0cDovL3d3dy53My5vcmcvMjAwMC9zdmciPjwvc3ZnPg==\" class=\"lazyload\" style=\"--smush-placeholder-width: 1280px; --smush-placeholder-aspect-ratio: 1280\/561;\" \/><\/div><div class=\"uagb-ifb-title-wrap\"><h4 class=\"uagb-ifb-title\">Vitrinas para exhibici\u00f3n<\/h4><\/div><p class=\"uagb-ifb-desc\">Tienda Calimod, mall Aventura<\/p><\/div><\/div><\/div>\n\n\n\n<div class=\"wp-block-uagb-info-box uagb-block-0484f5ce uagb-infobox__content-wrap  uagb-infobox-icon-above-title uagb-infobox-image-valign-top\"><div class=\"uagb-ifb-content\"><div class=\"uagb-ifb-image-content\"><img decoding=\"async\" data-src=\"https:\/\/mallky.com\/wp-content\/uploads\/2025\/10\/WhatsApp-Image-2024-11-26-at-22.04.45-e1760750600577.jpeg\" alt=\"\" width=\"700\" height=\"987\" src=\"data:image\/svg+xml;base64,PHN2ZyB3aWR0aD0iMSIgaGVpZ2h0PSIxIiB4bWxucz0iaHR0cDovL3d3dy53My5vcmcvMjAwMC9zdmciPjwvc3ZnPg==\" class=\"lazyload\" style=\"--smush-placeholder-width: 700px; --smush-placeholder-aspect-ratio: 700\/987;\" \/><\/div><div class=\"uagb-ifb-title-wrap\"><h4 class=\"uagb-ifb-title\">Instalaci\u00f3n vidrios de mampara<\/h4><\/div><p class=\"uagb-ifb-desc\">Tienda Diverxia,  mall Real Plaza<\/p><\/div><\/div>\n\n\n\n<div class=\"wp-block-uagb-info-box uagb-block-f1800cf0 uagb-infobox__content-wrap  uagb-infobox-icon-above-title uagb-infobox-image-valign-top\"><div class=\"uagb-ifb-content\"><div class=\"uagb-ifb-image-content\"><img decoding=\"async\" data-src=\"https:\/\/mallky.com\/wp-content\/uploads\/2025\/10\/WhatsApp-Image-2025-10-17-at-20.40.21-e1760796930422.jpeg\" alt=\"\" width=\"700\" height=\"985\" src=\"data:image\/svg+xml;base64,PHN2ZyB3aWR0aD0iMSIgaGVpZ2h0PSIxIiB4bWxucz0iaHR0cDovL3d3dy53My5vcmcvMjAwMC9zdmciPjwvc3ZnPg==\" class=\"lazyload\" style=\"--smush-placeholder-width: 700px; --smush-placeholder-aspect-ratio: 700\/985;\" \/><\/div><div class=\"uagb-ifb-title-wrap\"><h4 class=\"uagb-ifb-title\">Mantenimiento de fachada<\/h4><\/div><p class=\"uagb-ifb-desc\">Tienda Guayano, mall Aventura<\/p><\/div><\/div>\n\n\n\n<div class=\"wp-block-uagb-info-box uagb-block-8306bf66 uagb-infobox__content-wrap  uagb-infobox-icon-above-title uagb-infobox-image-valign-top\"><div class=\"uagb-ifb-content\"><div class=\"uagb-ifb-image-content\"><img decoding=\"async\" data-src=\"https:\/\/mallky.com\/wp-content\/uploads\/2025\/10\/WhatsApp-Image-2025-10-17-at-20.36.27-e1760797389405.jpeg\" alt=\"\" width=\"700\" height=\"984\" src=\"data:image\/svg+xml;base64,PHN2ZyB3aWR0aD0iMSIgaGVpZ2h0PSIxIiB4bWxucz0iaHR0cDovL3d3dy53My5vcmcvMjAwMC9zdmciPjwvc3ZnPg==\" class=\"lazyload\" style=\"--smush-placeholder-width: 700px; --smush-placeholder-aspect-ratio: 700\/984;\" \/><\/div><div class=\"uagb-ifb-title-wrap\"><h4 class=\"uagb-ifb-title\">Mantenimiento de mobiliario<\/h4><\/div><p class=\"uagb-ifb-desc\">Tienda New Athletic, mall Aventura<\/p><\/div><\/div>\n<\/div>\n<\/div><\/div>\n","protected":false},"excerpt":{"rendered":"<p>Mantenimiento planificado, eficiente y orientado a resultados Elaboraci\u00f3n de planes y cronogramas de mantenimiento Dise\u00f1amos y ejecutamos planes estrat\u00e9gicos para [&hellip;]<\/p>\n","protected":false},"author":1,"featured_media":0,"parent":0,"menu_order":0,"comment_status":"closed","ping_status":"closed","template":"","meta":{"_uag_custom_page_level_css":"","site-sidebar-layout":"default","site-content-layout":"","ast-site-content-layout":"default","site-content-style":"default","site-sidebar-style":"default","ast-global-header-display":"","ast-banner-title-visibility":"","ast-main-header-display":"","ast-hfb-above-header-display":"","ast-hfb-below-header-display":"","ast-hfb-mobile-header-display":"","site-post-title":"disabled","ast-breadcrumbs-content":"","ast-featured-img":"","footer-sml-layout":"","theme-transparent-header-meta":"","adv-header-id-meta":"","stick-header-meta":"","header-above-stick-meta":"","header-main-stick-meta":"","header-below-stick-meta":"","astra-migrate-meta-layouts":"default","ast-page-background-enabled":"default","ast-page-background-meta":{"desktop":{"background-color":"var(--ast-global-color-5)","background-image":"","background-repeat":"repeat","background-position":"center center","background-size":"auto","background-attachment":"scroll","background-type":"","background-media":"","overlay-type":"","overlay-color":"","overlay-opacity":"","overlay-gradient":""},"tablet":{"background-color":"","background-image":"","background-repeat":"repeat","background-position":"center center","background-size":"auto","background-attachment":"scroll","background-type":"","background-media":"","overlay-type":"","overlay-color":"","overlay-opacity":"","overlay-gradient":""},"mobile":{"background-color":"","background-image":"","background-repeat":"repeat","background-position":"center center","background-size":"auto","background-attachment":"scroll","background-type":"","background-media":"","overlay-type":"","overlay-color":"","overlay-opacity":"","overlay-gradient":""}},"ast-content-background-meta":{"desktop":{"background-color":"var(--ast-global-color-4)","background-image":"","background-repeat":"repeat","background-position":"center center","background-size":"auto","background-attachment":"scroll","background-type":"","background-media":"","overlay-type":"","overlay-color":"","overlay-opacity":"","overlay-gradient":""},"tablet":{"background-color":"var(--ast-global-color-4)","background-image":"","background-repeat":"repeat","background-position":"center center","background-size":"auto","background-attachment":"scroll","background-type":"","background-media":"","overlay-type":"","overlay-color":"","overlay-opacity":"","overlay-gradient":""},"mobile":{"background-color":"var(--ast-global-color-4)","background-image":"","background-repeat":"repeat","background-position":"center center","background-size":"auto","background-attachment":"scroll","background-type":"","background-media":"","overlay-type":"","overlay-color":"","overlay-opacity":"","overlay-gradient":""}},"footnotes":""},"class_list":["post-107","page","type-page","status-publish","hentry"],"uagb_featured_image_src":{"full":false,"thumbnail":false,"medium":false,"medium_large":false,"large":false,"1536x1536":false,"2048x2048":false},"uagb_author_info":{"display_name":"mallkyco","author_link":"https:\/\/mallky.com\/index.php\/author\/mallkyco\/"},"uagb_comment_info":0,"uagb_excerpt":"Mantenimiento planificado, eficiente y orientado a resultados Elaboraci\u00f3n de planes y cronogramas de mantenimiento Dise\u00f1amos y ejecutamos planes estrat\u00e9gicos para [&hellip;]","_links":{"self":[{"href":"https:\/\/mallky.com\/index.php\/wp-json\/wp\/v2\/pages\/107","targetHints":{"allow":["GET"]}}],"collection":[{"href":"https:\/\/mallky.com\/index.php\/wp-json\/wp\/v2\/pages"}],"about":[{"href":"https:\/\/mallky.com\/index.php\/wp-json\/wp\/v2\/types\/page"}],"author":[{"embeddable":true,"href":"https:\/\/mallky.com\/index.php\/wp-json\/wp\/v2\/users\/1"}],"replies":[{"embeddable":true,"href":"https:\/\/mallky.com\/index.php\/wp-json\/wp\/v2\/comments?post=107"}],"version-history":[{"count":7,"href":"https:\/\/mallky.com\/index.php\/wp-json\/wp\/v2\/pages\/107\/revisions"}],"predecessor-version":[{"id":303,"href":"https:\/\/mallky.com\/index.php\/wp-json\/wp\/v2\/pages\/107\/revisions\/303"}],"wp:attachment":[{"href":"https:\/\/mallky.com\/index.php\/wp-json\/wp\/v2\/media?parent=107"}],"curies":[{"name":"wp","href":"https:\/\/api.w.org\/{rel}","templated":true}]}}